{"id":2838,"date":"2023-03-14T12:49:10","date_gmt":"2023-03-14T11:49:10","guid":{"rendered":"https:\/\/osteriaapriori.it\/bubbles\/"},"modified":"2025-07-07T16:49:37","modified_gmt":"2025-07-07T15:49:37","slug":"bubbles","status":"publish","type":"page","link":"https:\/\/osteriaapriori.it\/en\/bubbles\/","title":{"rendered":"Bubbles"},"content":{"rendered":"\t\t<div data-elementor-type=\"wp-page\" data-elementor-id=\"2838\" class=\"elementor elementor-2838 elementor-1653\" data-elementor-post-type=\"page\">\n\t\t\t\t\t\t<section class=\"elementor-section elementor-top-section elementor-element elementor-element-4f1b8e7 elementor-section-full_width elementor-section-height-min-height elementor-section-items-bottom elementor-section-height-default\" data-id=\"4f1b8e7\" data-element_type=\"section\" data-settings=\"{&quot;background_background&quot;:&quot;classic&quot;}\">\n\t\t\t\t\t\t<div class=\"elementor-container elementor-column-gap-default\">\n\t\t\t\t\t<div class=\"elementor-column elementor-col-100 elementor-top-column elementor-element elementor-element-722f79b\" data-id=\"722f79b\" data-element_type=\"column\">\n\t\t\t<div class=\"elementor-widget-wrap elementor-element-populated\">\n\t\t\t\t\t\t<section class=\"elementor-section elementor-inner-section elementor-element elementor-element-99d2854 elementor-section-boxed elementor-section-height-default elementor-section-height-default\" data-id=\"99d2854\" data-element_type=\"section\">\n\t\t\t\t\t\t<div class=\"elementor-container elementor-column-gap-default\">\n\t\t\t\t\t<div class=\"elementor-column elementor-col-100 elementor-inner-column elementor-element elementor-element-fa4e642\" data-id=\"fa4e642\" data-element_type=\"column\">\n\t\t\t<div class=\"elementor-widget-wrap elementor-element-populated\">\n\t\t\t\t\t\t<div class=\"elementor-element elementor-element-a25e3b8 elementor-widget elementor-widget-heading\" data-id=\"a25e3b8\" data-element_type=\"widget\" data-widget_type=\"heading.default\">\n\t\t\t\t<div class=\"elementor-widget-container\">\n\t\t\t\t\t<h2 class=\"elementor-heading-title elementor-size-default\">Bubbles<\/h2>\t\t\t\t<\/div>\n\t\t\t\t<\/div>\n\t\t\t\t\t<\/div>\n\t\t<\/div>\n\t\t\t\t\t<\/div>\n\t\t<\/section>\n\t\t\t\t\t<\/div>\n\t\t<\/div>\n\t\t\t\t\t<\/div>\n\t\t<\/section>\n\t\t\t\t<section class=\"elementor-section elementor-top-section elementor-element elementor-element-41afbb1 elementor-section-boxed elementor-section-height-default elementor-section-height-default\" data-id=\"41afbb1\" data-element_type=\"section\">\n\t\t\t\t\t\t<div class=\"elementor-container elementor-column-gap-default\">\n\t\t\t\t\t<div class=\"elementor-column elementor-col-100 elementor-top-column elementor-element elementor-element-70191c8d\" data-id=\"70191c8d\" data-element_type=\"column\">\n\t\t\t<div class=\"elementor-widget-wrap elementor-element-populated\">\n\t\t\t\t\t\t<section class=\"elementor-section elementor-inner-section elementor-element elementor-element-6bff8cf1 elementor-section-boxed elementor-section-height-default elementor-section-height-default\" data-id=\"6bff8cf1\" data-element_type=\"section\">\n\t\t\t\t\t\t<div class=\"elementor-container elementor-column-gap-default\">\n\t\t\t\t\t<div class=\"elementor-column elementor-col-50 elementor-inner-column elementor-element elementor-element-2920c7d9\" data-id=\"2920c7d9\" data-element_type=\"column\">\n\t\t\t<div class=\"elementor-widget-wrap elementor-element-populated\">\n\t\t\t\t\t\t<div class=\"elementor-element elementor-element-5df473e4 elementor-widget elementor-widget-text-editor\" data-id=\"5df473e4\" data-element_type=\"widget\" data-widget_type=\"text-editor.default\">\n\t\t\t\t<div class=\"elementor-widget-container\">\n\t\t\t\t\t\t\t\t\t<p>At Osteria a Priori you&#8217;ll find all of Umbria on the map, and by all of Umbria we really mean ALL of it. In fact, our goal is to bring you alongside the historic and most celebrated labels, a whole range of good, lesser-known producers whose wines do not fall under any DOC or DOCG designation. We like to give space to everyone, including young, hidden and unthinkable wineries that our area holds in its hills.<\/p>\t\t\t\t\t\t\t\t<\/div>\n\t\t\t\t<\/div>\n\t\t\t\t<div class=\"elementor-element elementor-element-35119a47 elementor-widget elementor-widget-text-editor\" data-id=\"35119a47\" data-element_type=\"widget\" data-widget_type=\"text-editor.default\">\n\t\t\t\t<div class=\"elementor-widget-container\">\n\t\t\t\t\t\t\t\t\tOur bubbles divided by zone are:\t\t\t\t\t\t\t\t<\/div>\n\t\t\t\t<\/div>\n\t\t\t\t<div class=\"elementor-element elementor-element-7c923c1 elementor-widget elementor-widget-html\" data-id=\"7c923c1\" data-element_type=\"widget\" data-widget_type=\"html.default\">\n\t\t\t\t<div class=\"elementor-widget-container\">\n\t\t\t\t\t<script>jQuery(document).ready(function($) {\nvar delay = 100; setTimeout(function() {\n$('.elementor-tab-title').removeClass('elementor-active');\n $('.elementor-tab-content').css('display', 'none'); }, delay);\n});\n<\/script>\t\t\t\t<\/div>\n\t\t\t\t<\/div>\n\t\t\t\t<div class=\"elementor-element elementor-element-48e74a8a elementor-widget elementor-widget-accordion\" data-id=\"48e74a8a\" data-element_type=\"widget\" data-widget_type=\"accordion.default\">\n\t\t\t\t<div class=\"elementor-widget-container\">\n\t\t\t\t\t\t\t<div class=\"elementor-accordion\">\n\t\t\t\t\t\t\t<div class=\"elementor-accordion-item\">\n\t\t\t\t\t<div id=\"elementor-tab-title-1221\" class=\"elementor-tab-title\" data-tab=\"1\" role=\"button\" aria-controls=\"elementor-tab-content-1221\" aria-expanded=\"false\">\n\t\t\t\t\t\t\t\t\t\t\t\t\t<span class=\"elementor-accordion-icon elementor-accordion-icon-left\" aria-hidden=\"true\">\n\t\t\t\t\t\t\t\t\t\t\t\t\t\t\t<span class=\"elementor-accordion-icon-closed\"><i class=\"fas fa-caret-down\"><\/i><\/span>\n\t\t\t\t\t\t\t\t<span class=\"elementor-accordion-icon-opened\"><i class=\"fas fa-caret-right\"><\/i><\/span>\n\t\t\t\t\t\t\t\t\t\t\t\t\t\t<\/span>\n\t\t\t\t\t\t\t\t\t\t\t\t<a class=\"elementor-accordion-title\" tabindex=\"0\">Fratta Todina<\/a>\n\t\t\t\t\t<\/div>\n\t\t\t\t\t<div id=\"elementor-tab-content-1221\" class=\"elementor-tab-content elementor-clearfix\" data-tab=\"1\" role=\"region\" aria-labelledby=\"elementor-tab-title-1221\"><p><strong>Conti Faina<\/strong><br \/>&#8220;Senatore Zeffirino&#8221; Charmat method from Pinot Noir and Chardonnay grapes<\/p>\n<\/div>\n\t\t\t\t<\/div>\n\t\t\t\t\t\t\t<div class=\"elementor-accordion-item\">\n\t\t\t\t\t<div id=\"elementor-tab-title-1222\" class=\"elementor-tab-title\" data-tab=\"2\" role=\"button\" aria-controls=\"elementor-tab-content-1222\" aria-expanded=\"false\">\n\t\t\t\t\t\t\t\t\t\t\t\t\t<span class=\"elementor-accordion-icon elementor-accordion-icon-left\" aria-hidden=\"true\">\n\t\t\t\t\t\t\t\t\t\t\t\t\t\t\t<span class=\"elementor-accordion-icon-closed\"><i class=\"fas fa-caret-down\"><\/i><\/span>\n\t\t\t\t\t\t\t\t<span class=\"elementor-accordion-icon-opened\"><i class=\"fas fa-caret-right\"><\/i><\/span>\n\t\t\t\t\t\t\t\t\t\t\t\t\t\t<\/span>\n\t\t\t\t\t\t\t\t\t\t\t\t<a class=\"elementor-accordion-title\" tabindex=\"0\">Magione<\/a>\n\t\t\t\t\t<\/div>\n\t\t\t\t\t<div id=\"elementor-tab-content-1222\" class=\"elementor-tab-content elementor-clearfix\" data-tab=\"2\" role=\"region\" aria-labelledby=\"elementor-tab-title-1222\"><p><strong>Pucciarella<\/strong><br \/>&#8220;Ca&#8217; de sass&#8221; Spumante Metodo Classico Brut Trasimeno Doc 2013 (Chardonnay grapes)<\/p>\n<p><strong>Pucciarella<\/strong><br \/>Metodo Classico Ros\u00e8 from Pinot Noir grapes (2015 vintage 2017 disgorgement)<\/p>\n<\/div>\n\t\t\t\t<\/div>\n\t\t\t\t\t\t\t<div class=\"elementor-accordion-item\">\n\t\t\t\t\t<div id=\"elementor-tab-title-1223\" class=\"elementor-tab-title\" data-tab=\"3\" role=\"button\" aria-controls=\"elementor-tab-content-1223\" aria-expanded=\"false\">\n\t\t\t\t\t\t\t\t\t\t\t\t\t<span class=\"elementor-accordion-icon elementor-accordion-icon-left\" aria-hidden=\"true\">\n\t\t\t\t\t\t\t\t\t\t\t\t\t\t\t<span class=\"elementor-accordion-icon-closed\"><i class=\"fas fa-caret-down\"><\/i><\/span>\n\t\t\t\t\t\t\t\t<span class=\"elementor-accordion-icon-opened\"><i class=\"fas fa-caret-right\"><\/i><\/span>\n\t\t\t\t\t\t\t\t\t\t\t\t\t\t<\/span>\n\t\t\t\t\t\t\t\t\t\t\t\t<a class=\"elementor-accordion-title\" tabindex=\"0\">Montefalco<\/a>\n\t\t\t\t\t<\/div>\n\t\t\t\t\t<div id=\"elementor-tab-content-1223\" class=\"elementor-tab-content elementor-clearfix\" data-tab=\"3\" role=\"region\" aria-labelledby=\"elementor-tab-title-1223\"><p><strong>Scacciadiavoli<\/strong><br \/>Brut 2009 Metodo Classico sparkling wine from Sagrantino grapes<\/p>\n<p><strong>Scacciadiavoli<\/strong><br \/>Vino Spumante Rosato Brut Metodo Classico 2011 from Sagrantino grapes<\/p>\n<\/div>\n\t\t\t\t<\/div>\n\t\t\t\t\t\t\t<div class=\"elementor-accordion-item\">\n\t\t\t\t\t<div id=\"elementor-tab-title-1224\" class=\"elementor-tab-title\" data-tab=\"4\" role=\"button\" aria-controls=\"elementor-tab-content-1224\" aria-expanded=\"false\">\n\t\t\t\t\t\t\t\t\t\t\t\t\t<span class=\"elementor-accordion-icon elementor-accordion-icon-left\" aria-hidden=\"true\">\n\t\t\t\t\t\t\t\t\t\t\t\t\t\t\t<span class=\"elementor-accordion-icon-closed\"><i class=\"fas fa-caret-down\"><\/i><\/span>\n\t\t\t\t\t\t\t\t<span class=\"elementor-accordion-icon-opened\"><i class=\"fas fa-caret-right\"><\/i><\/span>\n\t\t\t\t\t\t\t\t\t\t\t\t\t\t<\/span>\n\t\t\t\t\t\t\t\t\t\t\t\t<a class=\"elementor-accordion-title\" tabindex=\"0\">Torgiano<\/a>\n\t\t\t\t\t<\/div>\n\t\t\t\t\t<div id=\"elementor-tab-content-1224\" class=\"elementor-tab-content elementor-clearfix\" data-tab=\"4\" role=\"region\" aria-labelledby=\"elementor-tab-title-1224\"><p><strong>Lungarotti<\/strong><br \/>Brut Vino Spumante Brut Metodo Classico 2014 (from Pinot Noir and Chardonnay grapes)<\/p>\n<\/div>\n\t\t\t\t<\/div>\n\t\t\t\t\t\t\t<div class=\"elementor-accordion-item\">\n\t\t\t\t\t<div id=\"elementor-tab-title-1225\" class=\"elementor-tab-title\" data-tab=\"5\" role=\"button\" aria-controls=\"elementor-tab-content-1225\" aria-expanded=\"false\">\n\t\t\t\t\t\t\t\t\t\t\t\t\t<span class=\"elementor-accordion-icon elementor-accordion-icon-left\" aria-hidden=\"true\">\n\t\t\t\t\t\t\t\t\t\t\t\t\t\t\t<span class=\"elementor-accordion-icon-closed\"><i class=\"fas fa-caret-down\"><\/i><\/span>\n\t\t\t\t\t\t\t\t<span class=\"elementor-accordion-icon-opened\"><i class=\"fas fa-caret-right\"><\/i><\/span>\n\t\t\t\t\t\t\t\t\t\t\t\t\t\t<\/span>\n\t\t\t\t\t\t\t\t\t\t\t\t<a class=\"elementor-accordion-title\" tabindex=\"0\">Stroncone<\/a>\n\t\t\t\t\t<\/div>\n\t\t\t\t\t<div id=\"elementor-tab-content-1225\" class=\"elementor-tab-content elementor-clearfix\" data-tab=\"5\" role=\"region\" aria-labelledby=\"elementor-tab-title-1225\"><p><strong>La Palazzola<\/strong><br \/>Gran Cuve\u00e9 Vino Spumante di Qualit\u00e0 Brut (vintage 2012 disgorgement 2015) Gran Cuve\u00e9 Vino Spumante di Qualit\u00e0 Brut (vintage 2012 disgorgement 2015) (from Pinot Noir and Chardonnay grapes)<\/p>\n<p><strong>La Palazzola<\/strong><br \/>Riesling Vino Spumante Brut (2011 vintage 2015 disgorgement)<\/p>\n<\/div>\n\t\t\t\t<\/div>\n\t\t\t\t\t\t\t<div class=\"elementor-accordion-item\">\n\t\t\t\t\t<div id=\"elementor-tab-title-1226\" class=\"elementor-tab-title\" data-tab=\"6\" role=\"button\" aria-controls=\"elementor-tab-content-1226\" aria-expanded=\"false\">\n\t\t\t\t\t\t\t\t\t\t\t\t\t<span class=\"elementor-accordion-icon elementor-accordion-icon-left\" aria-hidden=\"true\">\n\t\t\t\t\t\t\t\t\t\t\t\t\t\t\t<span class=\"elementor-accordion-icon-closed\"><i class=\"fas fa-caret-down\"><\/i><\/span>\n\t\t\t\t\t\t\t\t<span class=\"elementor-accordion-icon-opened\"><i class=\"fas fa-caret-right\"><\/i><\/span>\n\t\t\t\t\t\t\t\t\t\t\t\t\t\t<\/span>\n\t\t\t\t\t\t\t\t\t\t\t\t<a class=\"elementor-accordion-title\" tabindex=\"0\">Orvieto<\/a>\n\t\t\t\t\t<\/div>\n\t\t\t\t\t<div id=\"elementor-tab-content-1226\" class=\"elementor-tab-content elementor-clearfix\" data-tab=\"6\" role=\"region\" aria-labelledby=\"elementor-tab-title-1226\"><p><strong>Decugnano dei Barbi<\/strong><br \/>Traditional Method Brut 2012<\/p>\n<p><strong>Decugnano<\/strong> dei Barbi<br \/>Decugnano dei Barbi, Orvieto Dosaggio Zero, Traditional Method 2013<\/p>\n<\/div>\n\t\t\t\t<\/div>\n\t\t\t\t\t\t\t<div class=\"elementor-accordion-item\">\n\t\t\t\t\t<div id=\"elementor-tab-title-1227\" class=\"elementor-tab-title\" data-tab=\"7\" role=\"button\" aria-controls=\"elementor-tab-content-1227\" aria-expanded=\"false\">\n\t\t\t\t\t\t\t\t\t\t\t\t\t<span class=\"elementor-accordion-icon elementor-accordion-icon-left\" aria-hidden=\"true\">\n\t\t\t\t\t\t\t\t\t\t\t\t\t\t\t<span class=\"elementor-accordion-icon-closed\"><i class=\"fas fa-caret-down\"><\/i><\/span>\n\t\t\t\t\t\t\t\t<span class=\"elementor-accordion-icon-opened\"><i class=\"fas fa-caret-right\"><\/i><\/span>\n\t\t\t\t\t\t\t\t\t\t\t\t\t\t<\/span>\n\t\t\t\t\t\t\t\t\t\t\t\t<a class=\"elementor-accordion-title\" tabindex=\"0\">Gualdo Cattaneo<\/a>\n\t\t\t\t\t<\/div>\n\t\t\t\t\t<div id=\"elementor-tab-content-1227\" class=\"elementor-tab-content elementor-clearfix\" data-tab=\"7\" role=\"region\" aria-labelledby=\"elementor-tab-title-1227\"><p><strong>Terre della Custodia<\/strong><br \/>Ros\u00e8 Metodo Classico Tradizionale from Sangiovese grapes disgorgement 2017<\/p>\n<\/div>\n\t\t\t\t<\/div>\n\t\t\t\t\t\t\t\t<\/div>\n\t\t\t\t\t\t<\/div>\n\t\t\t\t<\/div>\n\t\t\t\t<div class=\"elementor-element elementor-element-8c8b747 elementor-align-left elementor-widget elementor-widget-button\" data-id=\"8c8b747\" data-element_type=\"widget\" data-widget_type=\"button.default\">\n\t\t\t\t<div class=\"elementor-widget-container\">\n\t\t\t\t\t\t\t\t\t<div class=\"elementor-button-wrapper\">\n\t\t\t\t\t<a class=\"elementor-button elementor-button-link elementor-size-xl\" href=\"https:\/\/umbriaapriori.it\/\">\n\t\t\t\t\t\t<span class=\"elementor-button-content-wrapper\">\n\t\t\t\t\t\t<span class=\"elementor-button-icon\">\n\t\t\t\t<i aria-hidden=\"true\" class=\"fas fa-shopping-bag\"><\/i>\t\t\t<\/span>\n\t\t\t\t\t\t\t\t\t<span class=\"elementor-button-text\">SHOP ONLINE<\/span>\n\t\t\t\t\t<\/span>\n\t\t\t\t\t<\/a>\n\t\t\t\t<\/div>\n\t\t\t\t\t\t\t\t<\/div>\n\t\t\t\t<\/div>\n\t\t\t\t\t<\/div>\n\t\t<\/div>\n\t\t\t\t<div class=\"elementor-column elementor-col-50 elementor-inner-column elementor-element elementor-element-e5f76b7 elementor-hidden-tablet elementor-hidden-mobile\" data-id=\"e5f76b7\" data-element_type=\"column\">\n\t\t\t<div class=\"elementor-widget-wrap elementor-element-populated\">\n\t\t\t\t\t\t<div class=\"elementor-element elementor-element-2cddcdd elementor-widget elementor-widget-image\" data-id=\"2cddcdd\" data-element_type=\"widget\" data-widget_type=\"image.default\">\n\t\t\t\t<div class=\"elementor-widget-container\">\n\t\t\t\t\t\t\t\t\t\t\t\t\t\t\t<img fetchpriority=\"high\" decoding=\"async\" width=\"800\" height=\"756\" src=\"https:\/\/osteriaapriori.it\/wp-content\/uploads\/mappa-vini-umbria-vitigni-1024x968.png\" class=\"attachment-large size-large wp-image-2798\" alt=\"\" srcset=\"https:\/\/osteriaapriori.it\/wp-content\/uploads\/mappa-vini-umbria-vitigni-1024x968.png 1024w, https:\/\/osteriaapriori.it\/wp-content\/uploads\/mappa-vini-umbria-vitigni-300x283.png 300w, https:\/\/osteriaapriori.it\/wp-content\/uploads\/mappa-vini-umbria-vitigni-768x726.png 768w, https:\/\/osteriaapriori.it\/wp-content\/uploads\/mappa-vini-umbria-vitigni-13x12.png 13w, https:\/\/osteriaapriori.it\/wp-content\/uploads\/mappa-vini-umbria-vitigni-400x378.png 400w, https:\/\/osteriaapriori.it\/wp-content\/uploads\/mappa-vini-umbria-vitigni.png 1143w\" sizes=\"(max-width: 800px) 100vw, 800px\" \/>\t\t\t\t\t\t\t\t\t\t\t\t\t\t\t<\/div>\n\t\t\t\t<\/div>\n\t\t\t\t\t<\/div>\n\t\t<\/div>\n\t\t\t\t\t<\/div>\n\t\t<\/section>\n\t\t\t\t\t<\/div>\n\t\t<\/div>\n\t\t\t\t\t<\/div>\n\t\t<\/section>\n\t\t\t\t<\/div>\n\t\t","protected":false},"excerpt":{"rendered":"<p>Bubbles At Osteria a Priori you&#8217;ll find all of Umbria on the map, and by all of Umbria we really mean ALL of it. In fact, our goal is to bring you alongside the historic and most celebrated labels, a whole range of good, lesser-known producers whose wines do not fall under any DOC or [&hellip;]<\/p>\n","protected":false},"author":1,"featured_media":0,"parent":0,"menu_order":0,"comment_status":"closed","ping_status":"closed","template":"elementor_header_footer","meta":{"inline_featured_image":false,"footnotes":""},"class_list":["post-2838","page","type-page","status-publish","hentry"],"yoast_head":"<!-- This site is optimized with the Yoast SEO plugin v26.1.1 - https:\/\/yoast.com\/wordpress\/plugins\/seo\/ -->\n<title>Bubbles - Osteria a Priori<\/title>\n<meta name=\"robots\" content=\"index, follow, max-snippet:-1, max-image-preview:large, max-video-preview:-1\" \/>\n<link rel=\"canonical\" href=\"https:\/\/osteriaapriori.it\/en\/bubbles\/\" \/>\n<meta property=\"og:locale\" content=\"en_US\" \/>\n<meta property=\"og:type\" content=\"article\" \/>\n<meta property=\"og:title\" content=\"Bubbles - Osteria a Priori\" \/>\n<meta property=\"og:description\" content=\"Bubbles At Osteria a Priori you&#8217;ll find all of Umbria on the map, and by all of Umbria we really mean ALL of it. In fact, our goal is to bring you alongside the historic and most celebrated labels, a whole range of good, lesser-known producers whose wines do not fall under any DOC or [&hellip;]\" \/>\n<meta property=\"og:url\" content=\"https:\/\/osteriaapriori.it\/en\/bubbles\/\" \/>\n<meta property=\"og:site_name\" content=\"Osteria a Priori\" \/>\n<meta property=\"article:publisher\" content=\"https:\/\/www.facebook.com\/osteriaapriori\" \/>\n<meta property=\"article:modified_time\" content=\"2025-07-07T15:49:37+00:00\" \/>\n<meta property=\"og:image\" content=\"https:\/\/osteriaapriori.it\/wp-content\/uploads\/mappa-vini-umbria-vitigni.png\" \/>\n\t<meta property=\"og:image:width\" content=\"1143\" \/>\n\t<meta property=\"og:image:height\" content=\"1080\" \/>\n\t<meta property=\"og:image:type\" content=\"image\/png\" \/>\n<meta name=\"twitter:card\" content=\"summary_large_image\" \/>\n<meta name=\"twitter:label1\" content=\"Est. reading time\" \/>\n\t<meta name=\"twitter:data1\" content=\"1 minute\" \/>\n<script type=\"application\/ld+json\" class=\"yoast-schema-graph\">{\"@context\":\"https:\/\/schema.org\",\"@graph\":[{\"@type\":\"WebPage\",\"@id\":\"https:\/\/osteriaapriori.it\/en\/bubbles\/\",\"url\":\"https:\/\/osteriaapriori.it\/en\/bubbles\/\",\"name\":\"Bubbles - Osteria a Priori\",\"isPartOf\":{\"@id\":\"https:\/\/osteriaapriori.it\/en\/#website\"},\"primaryImageOfPage\":{\"@id\":\"https:\/\/osteriaapriori.it\/en\/bubbles\/#primaryimage\"},\"image\":{\"@id\":\"https:\/\/osteriaapriori.it\/en\/bubbles\/#primaryimage\"},\"thumbnailUrl\":\"https:\/\/osteriaapriori.it\/wp-content\/uploads\/mappa-vini-umbria-vitigni-1024x968.png\",\"datePublished\":\"2023-03-14T11:49:10+00:00\",\"dateModified\":\"2025-07-07T15:49:37+00:00\",\"breadcrumb\":{\"@id\":\"https:\/\/osteriaapriori.it\/en\/bubbles\/#breadcrumb\"},\"inLanguage\":\"en-US\",\"potentialAction\":[{\"@type\":\"ReadAction\",\"target\":[\"https:\/\/osteriaapriori.it\/en\/bubbles\/\"]}]},{\"@type\":\"ImageObject\",\"inLanguage\":\"en-US\",\"@id\":\"https:\/\/osteriaapriori.it\/en\/bubbles\/#primaryimage\",\"url\":\"https:\/\/osteriaapriori.it\/wp-content\/uploads\/mappa-vini-umbria-vitigni-1024x968.png\",\"contentUrl\":\"https:\/\/osteriaapriori.it\/wp-content\/uploads\/mappa-vini-umbria-vitigni-1024x968.png\"},{\"@type\":\"BreadcrumbList\",\"@id\":\"https:\/\/osteriaapriori.it\/en\/bubbles\/#breadcrumb\",\"itemListElement\":[{\"@type\":\"ListItem\",\"position\":1,\"name\":\"Home\",\"item\":\"https:\/\/osteriaapriori.it\/en\/osteria-in-priori\/\"},{\"@type\":\"ListItem\",\"position\":2,\"name\":\"Bubbles\"}]},{\"@type\":\"WebSite\",\"@id\":\"https:\/\/osteriaapriori.it\/en\/#website\",\"url\":\"https:\/\/osteriaapriori.it\/en\/\",\"name\":\"Osteria a Priori\",\"description\":\"Food in Umbria to eat and buy\",\"publisher\":{\"@id\":\"https:\/\/osteriaapriori.it\/en\/#organization\"},\"potentialAction\":[{\"@type\":\"SearchAction\",\"target\":{\"@type\":\"EntryPoint\",\"urlTemplate\":\"https:\/\/osteriaapriori.it\/en\/?s={search_term_string}\"},\"query-input\":{\"@type\":\"PropertyValueSpecification\",\"valueRequired\":true,\"valueName\":\"search_term_string\"}}],\"inLanguage\":\"en-US\"},{\"@type\":\"Organization\",\"@id\":\"https:\/\/osteriaapriori.it\/en\/#organization\",\"name\":\"Osteria a Priori\",\"url\":\"https:\/\/osteriaapriori.it\/en\/\",\"logo\":{\"@type\":\"ImageObject\",\"inLanguage\":\"en-US\",\"@id\":\"https:\/\/osteriaapriori.it\/en\/#\/schema\/logo\/image\/\",\"url\":\"https:\/\/www.osteriaapriori.it\/wp-content\/uploads\/osteria-a-priori-perugia.png\",\"contentUrl\":\"https:\/\/www.osteriaapriori.it\/wp-content\/uploads\/osteria-a-priori-perugia.png\",\"width\":350,\"height\":86,\"caption\":\"Osteria a Priori\"},\"image\":{\"@id\":\"https:\/\/osteriaapriori.it\/en\/#\/schema\/logo\/image\/\"},\"sameAs\":[\"https:\/\/www.facebook.com\/osteriaapriori\",\"https:\/\/www.instagram.com\/osteriaapriori_\/\"]}]}<\/script>\n<!-- \/ Yoast SEO plugin. -->","yoast_head_json":{"title":"Bubbles - Osteria a Priori","robots":{"index":"index","follow":"follow","max-snippet":"max-snippet:-1","max-image-preview":"max-image-preview:large","max-video-preview":"max-video-preview:-1"},"canonical":"https:\/\/osteriaapriori.it\/en\/bubbles\/","og_locale":"en_US","og_type":"article","og_title":"Bubbles - Osteria a Priori","og_description":"Bubbles At Osteria a Priori you&#8217;ll find all of Umbria on the map, and by all of Umbria we really mean ALL of it. In fact, our goal is to bring you alongside the historic and most celebrated labels, a whole range of good, lesser-known producers whose wines do not fall under any DOC or [&hellip;]","og_url":"https:\/\/osteriaapriori.it\/en\/bubbles\/","og_site_name":"Osteria a Priori","article_publisher":"https:\/\/www.facebook.com\/osteriaapriori","article_modified_time":"2025-07-07T15:49:37+00:00","og_image":[{"width":1143,"height":1080,"url":"https:\/\/osteriaapriori.it\/wp-content\/uploads\/mappa-vini-umbria-vitigni.png","type":"image\/png"}],"twitter_card":"summary_large_image","twitter_misc":{"Est. reading time":"1 minute"},"schema":{"@context":"https:\/\/schema.org","@graph":[{"@type":"WebPage","@id":"https:\/\/osteriaapriori.it\/en\/bubbles\/","url":"https:\/\/osteriaapriori.it\/en\/bubbles\/","name":"Bubbles - Osteria a Priori","isPartOf":{"@id":"https:\/\/osteriaapriori.it\/en\/#website"},"primaryImageOfPage":{"@id":"https:\/\/osteriaapriori.it\/en\/bubbles\/#primaryimage"},"image":{"@id":"https:\/\/osteriaapriori.it\/en\/bubbles\/#primaryimage"},"thumbnailUrl":"https:\/\/osteriaapriori.it\/wp-content\/uploads\/mappa-vini-umbria-vitigni-1024x968.png","datePublished":"2023-03-14T11:49:10+00:00","dateModified":"2025-07-07T15:49:37+00:00","breadcrumb":{"@id":"https:\/\/osteriaapriori.it\/en\/bubbles\/#breadcrumb"},"inLanguage":"en-US","potentialAction":[{"@type":"ReadAction","target":["https:\/\/osteriaapriori.it\/en\/bubbles\/"]}]},{"@type":"ImageObject","inLanguage":"en-US","@id":"https:\/\/osteriaapriori.it\/en\/bubbles\/#primaryimage","url":"https:\/\/osteriaapriori.it\/wp-content\/uploads\/mappa-vini-umbria-vitigni-1024x968.png","contentUrl":"https:\/\/osteriaapriori.it\/wp-content\/uploads\/mappa-vini-umbria-vitigni-1024x968.png"},{"@type":"BreadcrumbList","@id":"https:\/\/osteriaapriori.it\/en\/bubbles\/#breadcrumb","itemListElement":[{"@type":"ListItem","position":1,"name":"Home","item":"https:\/\/osteriaapriori.it\/en\/osteria-in-priori\/"},{"@type":"ListItem","position":2,"name":"Bubbles"}]},{"@type":"WebSite","@id":"https:\/\/osteriaapriori.it\/en\/#website","url":"https:\/\/osteriaapriori.it\/en\/","name":"Osteria a Priori","description":"Food in Umbria to eat and buy","publisher":{"@id":"https:\/\/osteriaapriori.it\/en\/#organization"},"potentialAction":[{"@type":"SearchAction","target":{"@type":"EntryPoint","urlTemplate":"https:\/\/osteriaapriori.it\/en\/?s={search_term_string}"},"query-input":{"@type":"PropertyValueSpecification","valueRequired":true,"valueName":"search_term_string"}}],"inLanguage":"en-US"},{"@type":"Organization","@id":"https:\/\/osteriaapriori.it\/en\/#organization","name":"Osteria a Priori","url":"https:\/\/osteriaapriori.it\/en\/","logo":{"@type":"ImageObject","inLanguage":"en-US","@id":"https:\/\/osteriaapriori.it\/en\/#\/schema\/logo\/image\/","url":"https:\/\/www.osteriaapriori.it\/wp-content\/uploads\/osteria-a-priori-perugia.png","contentUrl":"https:\/\/www.osteriaapriori.it\/wp-content\/uploads\/osteria-a-priori-perugia.png","width":350,"height":86,"caption":"Osteria a Priori"},"image":{"@id":"https:\/\/osteriaapriori.it\/en\/#\/schema\/logo\/image\/"},"sameAs":["https:\/\/www.facebook.com\/osteriaapriori","https:\/\/www.instagram.com\/osteriaapriori_\/"]}]}},"_links":{"self":[{"href":"https:\/\/osteriaapriori.it\/en\/wp-json\/wp\/v2\/pages\/2838","targetHints":{"allow":["GET"]}}],"collection":[{"href":"https:\/\/osteriaapriori.it\/en\/wp-json\/wp\/v2\/pages"}],"about":[{"href":"https:\/\/osteriaapriori.it\/en\/wp-json\/wp\/v2\/types\/page"}],"author":[{"embeddable":true,"href":"https:\/\/osteriaapriori.it\/en\/wp-json\/wp\/v2\/users\/1"}],"replies":[{"embeddable":true,"href":"https:\/\/osteriaapriori.it\/en\/wp-json\/wp\/v2\/comments?post=2838"}],"version-history":[{"count":3,"href":"https:\/\/osteriaapriori.it\/en\/wp-json\/wp\/v2\/pages\/2838\/revisions"}],"predecessor-version":[{"id":2848,"href":"https:\/\/osteriaapriori.it\/en\/wp-json\/wp\/v2\/pages\/2838\/revisions\/2848"}],"wp:attachment":[{"href":"https:\/\/osteriaapriori.it\/en\/wp-json\/wp\/v2\/media?parent=2838"}],"curies":[{"name":"wp","href":"https:\/\/api.w.org\/{rel}","templated":true}]}}